{"id":129,"date":"2026-04-19T09:16:39","date_gmt":"2026-04-19T09:16:39","guid":{"rendered":"https:\/\/www.signatureroute.fr\/?page_id=129"},"modified":"2026-04-19T13:43:45","modified_gmt":"2026-04-19T13:43:45","slug":"mentions-legales","status":"publish","type":"page","link":"https:\/\/www.signatureroute.fr\/index.php\/mentions-legales\/","title":{"rendered":"MENTIONS LEGALES"},"content":{"rendered":"\n<h1 class=\"wp-block-heading\">MENTIONS LEGALES<\/h1>\n\n\n\n<p>THIS WEBSITE IS EDITED BY\u00a0SLB \u00e0 la demande de Signature Route<\/p>\n\n\n\n<h2 class=\"wp-block-heading\">1. L&rsquo;\u00c9diteur<\/h2>\n\n\n\n<ul class=\"wp-block-list\">\n<li><strong>D\u00e9nomination sociale:<\/strong> Signature Route <\/li>\n\n\n\n<li><strong>Forme juridique:<\/strong> Legal structure (e.g., <em>SAS, SARL, EURL<\/em>).<\/li>\n\n\n\n<li><strong>Capital social:<\/strong> Your share capital (e.g., <em>Capital social de 1 000 \u20ac<\/em>).<\/li>\n\n\n\n<li><strong>Si\u00e8ge social:<\/strong> Registered office address.<\/li>\n\n\n\n<li><strong>SIREN &amp; RCS:<\/strong> Your 9-digit registration number and the city of your registry (e.g., <em>RCS Lyon 123 456 789<\/em>).<\/li>\n\n\n\n<li><strong>TVA Intracommunautaire:<\/strong> Your VAT number (even if you don&rsquo;t sell on this site, a registered business must display it).<\/li>\n<\/ul>\n\n\n\n<h2 class=\"wp-block-heading\">2. Responsible Parties<\/h2>\n\n\n\n<ul class=\"wp-block-list\">\n<li><strong>Directeur de la publication:<\/strong> Sebastian BORDACHAR<\/li>\n\n\n\n<li><strong>Contact:<\/strong> contact@signatureroute.fr  07 81 48 68 32<\/li>\n<\/ul>\n\n\n\n<h2 class=\"wp-block-heading\">3. L&rsquo;H\u00e9bergeur<\/h2>\n\n\n\n<ul class=\"wp-block-list\">\n<li>OVH CLOUD<\/li>\n\n\n\n<li>Si\u00e8ge social : 2 rue Kellermann &#8211; 59100 Roubaix &#8211; France<\/li>\n<\/ul>\n\n\n\n<h2 class=\"wp-block-heading\">4. Propri\u00e9t\u00e9 intellectuelle<\/h2>\n\n\n\n<ul class=\"wp-block-list\">\n<li>Tous les textes, images et sch\u00e9mas sont la propri\u00e9t\u00e9 exclusive de Signature Route<\/li>\n\n\n\n<li>Veuillez noter que toute reproduction, m\u00eame partielle, est interdite sans autorisation \u00e9crite pr\u00e9alable(Article L.122-4 of the Code de la propri\u00e9t\u00e9 intellectuelle).<\/li>\n<\/ul>\n\n\n\n<h2 class=\"wp-block-heading\">5. Limitation of Liability<\/h2>\n\n\n\n<ul class=\"wp-block-list\">\n<li>Les instructions sont fournies \u00e0 titre indicatif.<\/li>\n\n\n\n<li>Signature Route ne peut \u00eatre tenue responsable des dommages r\u00e9sultant d&rsquo;une mauvaise interpr\u00e9tation ou d&rsquo;une application incorrecte des instructions par l&rsquo;utilisateur.<\/li>\n<\/ul>\n\n\n\n<h2 class=\"wp-block-heading\">6. Personal Data (RGPD)<\/h2>\n\n\n\n<ul class=\"wp-block-list\">\n<li><strong>Responsable du traitement:<\/strong> Signature Route<\/li>\n\n\n\n<li><strong>Finalit\u00e9:<\/strong> Les donn\u00e9es pourraient \u00eatre utilis\u00e9es pour am\u00e9liorer l&rsquo;exp\u00e9rience utilisateur ou pour r\u00e9pondre aux demandes d&rsquo;assistance. En continuant \u00e0 naviguer sur le site, vous acceptez cette utilisation.<\/li>\n\n\n\n<li><strong>Rights:<\/strong> Les utilisateurs peuvent exercer leur droit d&rsquo;acc\u00e8s ou de suppression de leurs donn\u00e9es en envoyant un e-mail \u00e0 contact@signature.fr<\/li>\n<\/ul>\n","protected":false},"excerpt":{"rendered":"<p>MENTIONS LEGALES THIS WEBSITE IS EDITED BY\u00a0SLB \u00e0 la demande de Signature Route 1. L&rsquo;\u00c9diteur 2. Responsible Parties 3. L&rsquo;H\u00e9bergeur 4. Propri\u00e9t\u00e9 intellectuelle 5. Limitation of Liability 6. Personal Data (RGPD)<\/p>\n","protected":false},"author":1,"featured_media":0,"parent":0,"menu_order":0,"comment_status":"closed","ping_status":"closed","template":"page-no-title","meta":{"_kadence_starter_templates_imported_post":false,"footnotes":""},"class_list":["post-129","page","type-page","status-publish","hentry"],"_links":{"self":[{"href":"https:\/\/www.signatureroute.fr\/index.php\/wp-json\/wp\/v2\/pages\/129","targetHints":{"allow":["GET"]}}],"collection":[{"href":"https:\/\/www.signatureroute.fr\/index.php\/wp-json\/wp\/v2\/pages"}],"about":[{"href":"https:\/\/www.signatureroute.fr\/index.php\/wp-json\/wp\/v2\/types\/page"}],"author":[{"embeddable":true,"href":"https:\/\/www.signatureroute.fr\/index.php\/wp-json\/wp\/v2\/users\/1"}],"replies":[{"embeddable":true,"href":"https:\/\/www.signatureroute.fr\/index.php\/wp-json\/wp\/v2\/comments?post=129"}],"version-history":[{"count":4,"href":"https:\/\/www.signatureroute.fr\/index.php\/wp-json\/wp\/v2\/pages\/129\/revisions"}],"predecessor-version":[{"id":223,"href":"https:\/\/www.signatureroute.fr\/index.php\/wp-json\/wp\/v2\/pages\/129\/revisions\/223"}],"wp:attachment":[{"href":"https:\/\/www.signatureroute.fr\/index.php\/wp-json\/wp\/v2\/media?parent=129"}],"curies":[{"name":"wp","href":"https:\/\/api.w.org\/{rel}","templated":true}]}}