{"id":37,"date":"2026-02-17T16:05:19","date_gmt":"2026-02-17T16:05:19","guid":{"rendered":"https:\/\/www.signatureroute.fr\/?page_id=37"},"modified":"2026-04-19T21:22:38","modified_gmt":"2026-04-19T21:22:38","slug":"accueil","status":"publish","type":"page","link":"https:\/\/www.signatureroute.fr\/","title":{"rendered":"Accueil"},"content":{"rendered":"\n<h1 class=\"wp-block-heading has-text-align-center has-border-color has-base-border-color has-x-large-font-size\" style=\"border-width:5px\">\u00ab&nbsp;Votre voyage, notre signature&nbsp;\u00bb<\/h1>\n\n\n\n\n\n<div style=\"height:6px\" aria-hidden=\"true\" class=\"wp-block-spacer\"><\/div>\n\n\n\n<div class=\"wp-block-group alignfull has-x-large-font-size has-global-padding is-layout-constrained wp-container-core-group-is-layout-4546306c wp-block-group-is-layout-constrained\" style=\"border-style:none;border-width:0px;border-top-left-radius:0px;border-top-right-radius:0px;border-bottom-left-radius:0px;border-bottom-right-radius:0px;padding-top:0;padding-right:0;padding-bottom:0;padding-left:0\">\n<div class=\"wp-block-cover alignwide is-light has-base-2-color has-text-color has-link-color wp-elements-6e75c10974b25b2df82d775197ccedf2\"><img loading=\"lazy\" decoding=\"async\" width=\"1536\" height=\"1024\" class=\"wp-block-cover__image-background wp-image-302 size-full\" alt=\"\" src=\"https:\/\/www.signatureroute.fr\/wp-content\/uploads\/2026\/04\/ChatGPT-Image-19-avr.-2026-23_11_48.png\" style=\"object-position:50% 50%\" data-object-fit=\"cover\" data-object-position=\"50% 50%\" srcset=\"https:\/\/www.signatureroute.fr\/wp-content\/uploads\/2026\/04\/ChatGPT-Image-19-avr.-2026-23_11_48.png 1536w, https:\/\/www.signatureroute.fr\/wp-content\/uploads\/2026\/04\/ChatGPT-Image-19-avr.-2026-23_11_48-300x200.png 300w, https:\/\/www.signatureroute.fr\/wp-content\/uploads\/2026\/04\/ChatGPT-Image-19-avr.-2026-23_11_48-1024x683.png 1024w, https:\/\/www.signatureroute.fr\/wp-content\/uploads\/2026\/04\/ChatGPT-Image-19-avr.-2026-23_11_48-768x512.png 768w\" sizes=\"auto, (max-width: 1536px) 100vw, 1536px\" \/><span aria-hidden=\"true\" class=\"wp-block-cover__background has-base-background-color has-background-dim-20 has-background-dim\"><\/span><div class=\"wp-block-cover__inner-container is-layout-flow wp-block-cover-is-layout-flow\">\n<p class=\"has-text-align-center has-x-large-font-size\" style=\"border-style:none;border-width:0px\">Vans &amp; Fourgons sur mesure<\/p>\n\n\n\n<p class=\"has-text-align-center has-medium-font-size\">Conception et am\u00e9nagement<\/p>\n\n\n\n<div class=\"wp-block-buttons is-content-justification-center is-layout-flex wp-container-core-buttons-is-layout-a89b3969 wp-block-buttons-is-layout-flex\">\n<div class=\"wp-block-button\"><a class=\"wp-block-button__link has-base-2-color has-contrast-background-color has-text-color has-background has-link-color wp-element-button\" href=\"contact@signatureroute.fr\">Devis Gratuit<\/a><\/div>\n<\/div>\n<\/div><\/div>\n<\/div>\n\n\n\n<div style=\"height:22px\" aria-hidden=\"true\" class=\"wp-block-spacer\"><\/div>\n\n\n\n<div class=\"wp-block-group is-vertical is-content-justification-center is-layout-flex wp-container-core-group-is-layout-52b864f0 wp-block-group-is-layout-flex\">\n<h2 class=\"wp-block-heading has-text-align-center is-style-default has-border-color has-base-border-color\" style=\"border-width:5px\">\u00ab&nbsp;Cr\u00e9er votre fa\u00e7on de voyager&nbsp;\u00bb<\/h2>\n\n\n\n<div style=\"height:0px\" aria-hidden=\"true\" class=\"wp-block-spacer wp-container-content-4f2ccadb\"><\/div>\n\n\n\n<p class=\"has-text-align-center has-contrast-color has-base-background-color has-text-color has-background has-link-color wp-elements-de3a081486075a69f40caf4027127313 wp-container-content-9cfa9a5a\">Pr\u00e8s de Rennes en Ille-et-Vilaine, <strong>Signature Route <\/strong>con\u00e7oit avec vous une exp\u00e9rience sur mesure pour tous vos projets d\u2019am\u00e9nagement de v\u00e9hicule.<\/p>\n\n\n\n<p><\/p>\n\n\n\n<p class=\"has-text-align-center\">Voici comment \u00e7a marche:<\/p>\n<\/div>\n\n\n\n<div style=\"height:3px\" aria-hidden=\"true\" class=\"wp-block-spacer\"><\/div>\n\n\n\n<div class=\"wp-block-columns alignwide is-layout-flex wp-container-core-columns-is-layout-d0bbbce0 wp-block-columns-is-layout-flex\">\n<div class=\"wp-block-column is-layout-flow wp-container-core-column-is-layout-e3d1c41b wp-block-column-is-layout-flow\">\n<h3 class=\"wp-block-heading has-text-align-center is-style-default has-border-color has-base-border-color has-body-font-family has-medium-font-size\" style=\"border-width:3px;font-style:normal;font-weight:600\">\ud83d\udc4b Prise de contact<\/h3>\n\n\n\n<p class=\"has-text-align-center\">Nous discutons de votre projet, de votre budget et de vos besoins.<\/p>\n<\/div>\n\n\n\n<div class=\"wp-block-column is-layout-flow wp-container-core-column-is-layout-e3d1c41b wp-block-column-is-layout-flow\">\n<h3 class=\"wp-block-heading has-text-align-center is-style-default has-body-font-family has-medium-font-size\" style=\"border-top-color:var(--wp--preset--color--base);border-top-width:3px;border-right-color:var(--wp--preset--color--base);border-right-width:3px;border-bottom-color:var(--wp--preset--color--base);border-left-color:var(--wp--preset--color--base);border-left-width:3px;font-style:normal;font-weight:600\">\ud83d\udcdd \u00c9tude &amp; devis<\/h3>\n\n\n\n<p class=\"has-text-align-center\">Vous recevez un devis d\u00e9taill\u00e9 et transparent.<\/p>\n<\/div>\n\n\n\n<div class=\"wp-block-column is-layout-flow wp-container-core-column-is-layout-e3d1c41b wp-block-column-is-layout-flow\">\n<h3 class=\"wp-block-heading has-text-align-center is-style-default has-border-color has-base-border-color has-body-font-family has-medium-font-size\" style=\"border-width:3px;font-style:normal;font-weight:600\">\ud83d\udd8a\ufe0f\ud83d\udcd0 Conception &amp; plans<\/h3>\n\n\n\n<p class=\"has-text-align-center\">Croquis, plans 2D ou 3D, choix des mat\u00e9riaux et validation avec vous.<\/p>\n<\/div>\n<\/div>\n\n\n\n<div class=\"wp-block-columns alignwide is-layout-flex wp-container-core-columns-is-layout-d0bbbce0 wp-block-columns-is-layout-flex\">\n<div class=\"wp-block-column is-layout-flow wp-container-core-column-is-layout-e3d1c41b wp-block-column-is-layout-flow\">\n<h3 class=\"wp-block-heading has-text-align-center is-style-default has-border-color has-base-border-color has-body-font-family has-medium-font-size\" style=\"border-width:3px;font-style:normal;font-weight:600\">\ud83d\udee0\ufe0f R\u00e9alisation dans notre atelier<\/h3>\n\n\n\n<p class=\"has-text-align-center\">Am\u00e9nagement sur mesure et installation de chaque module.<\/p>\n<\/div>\n\n\n\n<div class=\"wp-block-column is-layout-flow wp-container-core-column-is-layout-e3d1c41b wp-block-column-is-layout-flow\">\n<h3 class=\"wp-block-heading has-text-align-center is-style-default has-body-font-family has-medium-font-size\" style=\"border-top-color:var(--wp--preset--color--base);border-top-width:3px;border-right-color:var(--wp--preset--color--base);border-right-style:none;border-right-width:0px;border-bottom-color:var(--wp--preset--color--base);border-bottom-width:3px;border-left-color:var(--wp--preset--color--base);border-left-width:3px;font-style:normal;font-weight:600\">\ud83d\udee1\ufe0f\u2705 Tests &amp; s\u00e9curit\u00e9<\/h3>\n\n\n\n<p class=\"has-text-align-center\">V\u00e9rification \u00e9lectrique, eau, gaz et test sur route.<\/p>\n<\/div>\n\n\n\n<div class=\"wp-block-column is-layout-flow wp-container-core-column-is-layout-e3d1c41b wp-block-column-is-layout-flow\">\n<h3 class=\"wp-block-heading has-text-align-center is-style-default has-border-color has-base-border-color has-body-font-family has-medium-font-size\" style=\"border-width:3px;font-style:normal;font-weight:600\">\ud83e\udd1d\ud83d\ude90 Livraison &amp; accompagnement<\/h3>\n\n\n\n<p class=\"has-text-align-center\">Nous vous expliquons en d\u00e9tail l\u2019utilisation de chaque \u00e9quipement lors de la livraison.<\/p>\n<\/div>\n<\/div>\n\n\n\n<div style=\"height:8px\" aria-hidden=\"true\" class=\"wp-block-spacer\"><\/div>\n\n\n\n<div class=\"wp-block-group is-horizontal is-content-justification-center is-layout-flex wp-container-core-group-is-layout-298dbb32 wp-block-group-is-layout-flex\">\n<h2 class=\"wp-block-heading has-text-align-center is-style-default has-border-color has-base-border-color has-contrast-color has-text-color has-link-color wp-elements-cfb69c9e76846c2cf90726214ada2e47\" style=\"border-width:5px\">\u00ab Nos valeurs \u00bb<\/h2>\n\n\n\n<p class=\"has-text-align-center has-medium-font-size wp-container-content-9cfa9a5a\">Chaque v\u00e9hicule que nous am\u00e9nageons est con\u00e7u avec soin, s\u00e9curit\u00e9 et transparence, pour cr\u00e9er un projet unique qui vous ressemble.<\/p>\n\n\n\n<div style=\"height:100px;width:0px\" aria-hidden=\"true\" class=\"wp-block-spacer wp-container-content-6388d5dc\"><\/div>\n\n\n\n<div style=\"height:100px;width:6px\" aria-hidden=\"true\" class=\"wp-block-spacer wp-container-content-a8af25ff\"><\/div>\n\n\n\n<ul class=\"wp-block-list\">\n<li>Qualit\u00e9 : des mat\u00e9riaux robustes et des finitions soign\u00e9es.<\/li>\n\n\n\n<li>S\u00e9curit\u00e9 : installations selon les normes.<\/li>\n\n\n\n<li>Transparence : devis clair &amp; accompagnement continu.<\/li>\n\n\n\n<li>Sur mesure : chaque projet est unique.<\/li>\n<\/ul>\n<\/div>\n\n\n\n<div style=\"height:15px\" aria-hidden=\"true\" class=\"wp-block-spacer\"><\/div>\n\n\n\n<div class=\"wp-block-group has-global-padding is-layout-constrained wp-block-group-is-layout-constrained\"><div class=\"n2_clear\"><ss3-force-full-width data-overflow-x=\"body\" data-horizontal-selector=\"body\"><div class=\"n2-section-smartslider fitvidsignore  n2_clear\" data-ssid=\"2\"><div id=\"n2-ss-2-align\" class=\"n2-ss-align\"><div class=\"n2-padding\"><div id=\"n2-ss-2\" data-creator=\"Smart Slider 3\" data-responsive=\"fullwidth\" class=\"n2-ss-slider n2-ow n2-has-hover n2notransition  \">\n\n\n\n\n\n\n\n\n\n<div class=\"n2-ss-slider-wrapper-inside\">\n        <div class=\"n2-ss-slider-1 n2_ss__touch_element n2-ow\">\n            <div class=\"n2-ss-slider-2 n2-ow\">\n                                                <div class=\"n2-ss-slider-3 n2-ow\">\n\n                    <div class=\"n2-ss-slide-backgrounds n2-ow-all\"><div class=\"n2-ss-slide-background\" data-public-id=\"1\" data-mode=\"fill\"><div class=\"n2-ss-slide-background-image\" data-blur=\"0\" data-opacity=\"100\" data-x=\"50\" data-y=\"50\" data-alt=\"\" data-title=\"\"><picture class=\"skip-lazy\" data-skip-lazy=\"1\"><img decoding=\"async\" src=\"\/\/www.signatureroute.fr\/wp-content\/uploads\/2026\/04\/3.png\" alt=\"\" title=\"\" loading=\"lazy\" class=\"skip-lazy\" data-skip-lazy=\"1\"><\/picture><\/div><div data-color=\"RGBA(255,255,255,0)\" style=\"background-color: RGBA(255,255,255,0);\" class=\"n2-ss-slide-background-color\"><\/div><\/div><div class=\"n2-ss-slide-background\" data-public-id=\"2\" data-mode=\"fill\" aria-hidden=\"true\"><div class=\"n2-ss-slide-background-image\" data-blur=\"0\" data-opacity=\"100\" data-x=\"50\" data-y=\"50\" data-alt=\"\" data-title=\"\"><picture class=\"skip-lazy\" data-skip-lazy=\"1\"><img decoding=\"async\" src=\"\/\/www.signatureroute.fr\/wp-content\/uploads\/2026\/04\/4-1.png\" alt=\"\" title=\"\" loading=\"lazy\" class=\"skip-lazy\" data-skip-lazy=\"1\"><\/picture><\/div><div data-color=\"RGBA(255,255,255,0)\" style=\"background-color: RGBA(255,255,255,0);\" class=\"n2-ss-slide-background-color\"><\/div><\/div><div class=\"n2-ss-slide-background\" data-public-id=\"3\" data-mode=\"fill\" aria-hidden=\"true\"><div class=\"n2-ss-slide-background-image\" data-blur=\"0\" data-opacity=\"100\" data-x=\"50\" data-y=\"50\" data-alt=\"\" data-title=\"\"><picture class=\"skip-lazy\" data-skip-lazy=\"1\"><img decoding=\"async\" src=\"\/\/www.signatureroute.fr\/wp-content\/uploads\/2026\/04\/5-1.png\" alt=\"\" title=\"\" loading=\"lazy\" class=\"skip-lazy\" data-skip-lazy=\"1\"><\/picture><\/div><div data-color=\"RGBA(255,255,255,0)\" style=\"background-color: RGBA(255,255,255,0);\" class=\"n2-ss-slide-background-color\"><\/div><\/div><\/div>                    <div class=\"n2-ss-slider-4 n2-ow\">\n                        <svg xmlns=\"http:\/\/www.w3.org\/2000\/svg\" viewBox=\"0 0 1200 400\" data-related-device=\"desktopPortrait\" class=\"n2-ow n2-ss-preserve-size n2-ss-preserve-size--slider n2-ss-slide-limiter\"><\/svg><div data-first=\"1\" data-slide-duration=\"0\" data-id=\"3\" data-slide-public-id=\"1\" data-title=\"3\" class=\"n2-ss-slide n2-ow  n2-ss-slide-3\"><div role=\"note\" class=\"n2-ss-slide--focus\" tabindex=\"-1\">3<\/div><div class=\"n2-ss-layers-container n2-ss-slide-limiter n2-ow\"><div class=\"n2-ss-layer n2-ow n-uc-qzGwEaKnIJF4\" data-sstype=\"slide\" data-pm=\"default\"><\/div><\/div><\/div><div data-slide-duration=\"0\" data-id=\"4\" data-slide-public-id=\"2\" aria-hidden=\"true\" data-title=\"4\" class=\"n2-ss-slide n2-ow  n2-ss-slide-4\"><div role=\"note\" class=\"n2-ss-slide--focus\" tabindex=\"-1\">4<\/div><div class=\"n2-ss-layers-container n2-ss-slide-limiter n2-ow\"><div class=\"n2-ss-layer n2-ow n-uc-Y8PwAZ9Lft93\" data-sstype=\"slide\" data-pm=\"default\"><\/div><\/div><\/div><div data-slide-duration=\"0\" data-id=\"5\" data-slide-public-id=\"3\" aria-hidden=\"true\" data-title=\"5\" class=\"n2-ss-slide n2-ow  n2-ss-slide-5\"><div role=\"note\" class=\"n2-ss-slide--focus\" tabindex=\"-1\">5<\/div><div class=\"n2-ss-layers-container n2-ss-slide-limiter n2-ow\"><div class=\"n2-ss-layer n2-ow n-uc-3WFdcCOfqSJ6\" data-sstype=\"slide\" data-pm=\"default\"><\/div><\/div><\/div>                    <\/div>\n\n                                    <\/div>\n            <\/div>\n        <\/div>\n        <div class=\"n2-ss-slider-controls n2-ss-slider-controls-absolute-left-center\"><div style=\"--widget-offset:20px;\" class=\"n2-ss-widget n2-ss-widget-display-hover n2-style-107cb0e4b96e295f0c4852cfc0854d07-heading nextend-arrow n2-ow-all nextend-arrow-previous  nextend-arrow-animated-fade\" data-hide-desktopportrait=\"1\" data-hide-tabletportrait=\"1\" data-hide-mobileportrait=\"1\" id=\"n2-ss-2-arrow-previous\" role=\"button\" aria-label=\"previous arrow\" tabindex=\"0\"><img loading=\"lazy\" decoding=\"async\" width=\"32\" height=\"32\" class=\"skip-lazy\" data-skip-lazy=\"1\" src=\"data:image\/svg+xml;base64,PHN2ZyB4bWxucz0iaHR0cDovL3d3dy53My5vcmcvMjAwMC9zdmciIHdpZHRoPSIzMiIgaGVpZ2h0PSIzMiIgdmlld0JveD0iMCAwIDMyIDMyIj4KICAgIDxwYXRoIGZpbGw9IiMwMDAwMDAiIGZpbGwtcnVsZT0iZXZlbm9kZCIKICAgICAgICAgIGQ9Ik0yMC42NTQgOS40M2wtNi4zMjYgNi41MjUgNi4zMjYgNi42Yy4yNDIuMjUzLjM2LjU0NS4zNi44OCAwIC4zMzMtLjExOC42MjUtLjM2Ljg3N2wtMS4yNDQgMS4zYy0uMjQuMjUtLjUyMy4zNzUtLjg0LjM3NS0uMzIgMC0uNi0uMTI0LS44NC0uMzc2bC04LjM2Ny04LjcyYy0uMjQtLjI1LS4zNjMtLjU0LS4zNjMtLjg4IDAtLjMzNC4xMjItLjYzLjM2My0uODhsOC4zNjctOC43NWMuMjMtLjI1Mi41MS0uMzc3LjgzLS4zNzcuMzI1IDAgLjYwNy4xMjYuODUuMzc4bDEuMjQyIDEuMzI2Yy4yNDIuMjUyLjM2LjU0LjM2Ljg2NCAwIC4zMi0uMTE4LjYxLS4zNi44NnoiCiAgICAgICAgICBvcGFjaXR5PSIxIi8+Cjwvc3ZnPgo=\" alt=\"previous arrow\"><\/div><\/div><div class=\"n2-ss-slider-controls n2-ss-slider-controls-absolute-right-center\"><div style=\"--widget-offset:20px;\" class=\"n2-ss-widget n2-ss-widget-display-hover n2-style-107cb0e4b96e295f0c4852cfc0854d07-heading nextend-arrow n2-ow-all nextend-arrow-next  nextend-arrow-animated-fade\" data-hide-desktopportrait=\"1\" data-hide-tabletportrait=\"1\" data-hide-mobileportrait=\"1\" id=\"n2-ss-2-arrow-next\" role=\"button\" aria-label=\"next arrow\" tabindex=\"0\"><img loading=\"lazy\" decoding=\"async\" width=\"32\" height=\"32\" class=\"skip-lazy\" data-skip-lazy=\"1\" src=\"data:image\/svg+xml;base64,PHN2ZyB3aWR0aD0iMzIiIGhlaWdodD0iMzIiIHZpZXdCb3g9IjAgMCAzMiAzMiIgeG1sbnM9Imh0dHA6Ly93d3cudzMub3JnLzIwMDAvc3ZnIj4KICAgIDxwYXRoIGQ9Ik0xMy4yODYgMjUuNjFjLS4yNC4yNTMtLjUyLjM3Ny0uODQuMzc3LS4zMTggMC0uNi0uMTI0LS44NC0uMzc2bC0xLjI0NS0xLjI5N2MtLjI0LS4yNTItLjM2LS41NDQtLjM2LS44NzggMC0uMzM0LjEyLS42MjYuMzYtLjg3OGw2LjMyOC02LjZMMTAuMzYgOS40M2MtLjI0LS4yNS0uMzYtLjU0LS4zNi0uODY0IDAtLjMyMy4xMi0uNjEyLjM2LS44NjRsMS4yNDUtMS4zMjVjLjI0LS4yNTIuNTIzLS4zNzcuODQ4LS4zNzcuMzIzIDAgLjYwMi4xMjUuODMzLjM3N2w4LjM2NiA4Ljc0NmMuMjQuMjUuMzYzLjU0Ni4zNjMuODgyIDAgLjM0LS4xMjIuNjM0LS4zNjMuODg2bC04LjM2NiA4LjcyeiIKICAgICAgICAgIGZpbGw9IiMwMDAwMDAiIG9wYWNpdHk9IjEiIGZpbGwtcnVsZT0iZXZlbm9kZCIvPgo8L3N2Zz4=\" alt=\"next arrow\"><\/div><\/div><div class=\"n2-ss-slider-controls n2-ss-slider-controls-absolute-center-bottom\"><div style=\"--widget-offset:10px;\" class=\"n2-ss-widget n2-ss-control-bullet n2-ow-all n2-ss-control-bullet-horizontal\"><div class=\"n2-style-6a5949f6f39ba504d9a4d04ac7c3bb4d-simple  nextend-bullet-bar n2-bar-justify-content-center\" role=\"group\" aria-label=\"Choose slide to display.\"><div class=\"n2-bullet n2-style-785355f374be86c332d4665aae819858-dot \" style=\"visibility:hidden;\"><\/div><\/div><\/div><\/div><\/div><\/div><ss3-loader><\/ss3-loader><\/div><\/div><div class=\"n2_clear\"><\/div><\/div><\/ss3-force-full-width><\/div><\/div>\n","protected":false},"excerpt":{"rendered":"<p>\u00ab&nbsp;Votre voyage, notre signature&nbsp;\u00bb \u00ab&nbsp;Cr\u00e9er votre fa\u00e7on de voyager&nbsp;\u00bb Pr\u00e8s de Rennes en Ille-et-Vilaine, Signature Route con\u00e7oit avec vous une exp\u00e9rience sur mesure pour tous vos projets d\u2019am\u00e9nagement de v\u00e9hicule. Voici comment \u00e7a marche: \ud83d\udc4b Prise de contact Nous discutons de votre projet, de votre budget et de vos besoins. \ud83d\udcdd \u00c9tude &amp; devis Vous [&hellip;]<\/p>\n","protected":false},"author":1,"featured_media":7,"parent":0,"menu_order":1,"comment_status":"closed","ping_status":"closed","template":"page-no-title","meta":{"_kadence_starter_templates_imported_post":false,"footnotes":""},"class_list":["post-37","page","type-page","status-publish","has-post-thumbnail","hentry"],"_links":{"self":[{"href":"https:\/\/www.signatureroute.fr\/index.php\/wp-json\/wp\/v2\/pages\/37","targetHints":{"allow":["GET"]}}],"collection":[{"href":"https:\/\/www.signatureroute.fr\/index.php\/wp-json\/wp\/v2\/pages"}],"about":[{"href":"https:\/\/www.signatureroute.fr\/index.php\/wp-json\/wp\/v2\/types\/page"}],"author":[{"embeddable":true,"href":"https:\/\/www.signatureroute.fr\/index.php\/wp-json\/wp\/v2\/users\/1"}],"replies":[{"embeddable":true,"href":"https:\/\/www.signatureroute.fr\/index.php\/wp-json\/wp\/v2\/comments?post=37"}],"version-history":[{"count":78,"href":"https:\/\/www.signatureroute.fr\/index.php\/wp-json\/wp\/v2\/pages\/37\/revisions"}],"predecessor-version":[{"id":310,"href":"https:\/\/www.signatureroute.fr\/index.php\/wp-json\/wp\/v2\/pages\/37\/revisions\/310"}],"wp:featuredmedia":[{"embeddable":true,"href":"https:\/\/www.signatureroute.fr\/index.php\/wp-json\/wp\/v2\/media\/7"}],"wp:attachment":[{"href":"https:\/\/www.signatureroute.fr\/index.php\/wp-json\/wp\/v2\/media?parent=37"}],"curies":[{"name":"wp","href":"https:\/\/api.w.org\/{rel}","templated":true}]}}