{"id":64,"date":"2026-02-17T15:52:38","date_gmt":"2026-02-17T15:52:38","guid":{"rendered":"https:\/\/www.signatureroute.fr\/?page_id=64"},"modified":"2026-04-20T10:48:37","modified_gmt":"2026-04-20T10:48:37","slug":"processus-methode","status":"publish","type":"page","link":"https:\/\/www.signatureroute.fr\/index.php\/processus-methode\/","title":{"rendered":"Processus"},"content":{"rendered":"\n<div class=\"wp-block-group alignwide has-global-padding is-layout-constrained wp-container-core-group-is-layout-19e250f3 wp-block-group-is-layout-constrained\">\n<div class=\"wp-block-group is-vertical is-content-justification-center is-layout-flex wp-container-core-group-is-layout-6329a8f3 wp-block-group-is-layout-flex\">\n<h2 class=\"wp-block-heading has-text-align-center is-style-default has-border-color has-base-border-color has-contrast-color has-text-color has-link-color wp-elements-cc6ee61098ab98f33eb6f17b05efa8f0\" style=\"border-width:5px\">Processus &#8211; Comment d\u00e9marrer <\/h2>\n\n\n\n<p class=\"has-text-align-center has-medium-font-size wp-container-content-9cfa9a5a\">Chaque v\u00e9hicule que nous am\u00e9nageons est con\u00e7u avec soin, s\u00e9curit\u00e9 et transparence, pour cr\u00e9er un projet unique qui vous ressemble.<\/p>\n\n\n\n<hr class=\"wp-block-separator has-alpha-channel-opacity\" style=\"margin-top:var(--wp--preset--spacing--30);margin-bottom:var(--wp--preset--spacing--30)\"\/>\n\n\n\n<div class=\"wp-block-buttons is-layout-flex wp-block-buttons-is-layout-flex\">\n<div class=\"wp-block-button\"><a class=\"wp-block-button__link wp-element-button\" href=\"mailto:contact@signatureroute.fr\">Votre Projet Commence ICI <\/a><\/div>\n<\/div>\n\n\n\n<div style=\"height:47px\" aria-hidden=\"true\" class=\"wp-block-spacer wp-container-content-b0964dc8\"><\/div>\n\n\n\n<div class=\"wp-block-columns alignwide is-layout-flex wp-container-core-columns-is-layout-d0bbbce0 wp-block-columns-is-layout-flex\">\n<div class=\"wp-block-column is-layout-flow wp-container-core-column-is-layout-e3d1c41b wp-block-column-is-layout-flow\">\n<h3 class=\"wp-block-heading has-text-align-center is-style-default has-body-font-family has-medium-font-size\" style=\"border-top-color:var(--wp--preset--color--base);border-top-width:3px;border-right-color:var(--wp--preset--color--base);border-right-width:3px;border-bottom-color:var(--wp--preset--color--base);border-bottom-width:5px;border-left-color:var(--wp--preset--color--base);border-left-width:3px;font-style:normal;font-weight:600\">1. <\/h3>\n\n\n\n<p class=\"has-text-align-center\">\ud83d\udc4b <strong>Prise de contact<\/strong><\/p>\n\n\n\n<p class=\"has-text-align-center\">Nous discutons de votre projet, de votre budget et de vos besoins.<\/p>\n<\/div>\n\n\n\n<div class=\"wp-block-column is-layout-flow wp-container-core-column-is-layout-e3d1c41b wp-block-column-is-layout-flow\">\n<h3 class=\"wp-block-heading has-text-align-center is-style-default has-body-font-family has-medium-font-size\" style=\"border-top-color:var(--wp--preset--color--base);border-top-width:3px;border-right-color:var(--wp--preset--color--base);border-right-width:3px;border-bottom-color:var(--wp--preset--color--base);border-bottom-width:5px;border-left-color:var(--wp--preset--color--base);border-left-width:3px;font-style:normal;font-weight:600\">2. <\/h3>\n\n\n\n<p class=\"has-text-align-center\">\ud83d\udcdd <strong>\u00c9tude &amp; devis<\/strong><\/p>\n\n\n\n<p class=\"has-text-align-center\">Vous recevez un devis d\u00e9taill\u00e9 et transparent.<\/p>\n<\/div>\n\n\n\n<div class=\"wp-block-column is-layout-flow wp-container-core-column-is-layout-e3d1c41b wp-block-column-is-layout-flow\">\n<h3 class=\"wp-block-heading has-text-align-center is-style-default has-body-font-family has-medium-font-size\" style=\"border-top-color:var(--wp--preset--color--base);border-top-width:3px;border-right-color:var(--wp--preset--color--base);border-right-width:3px;border-bottom-color:var(--wp--preset--color--base);border-bottom-width:5px;border-left-color:var(--wp--preset--color--base);border-left-width:3px;font-style:normal;font-weight:600\">3. <\/h3>\n\n\n\n<p class=\"has-text-align-center\">\ud83d\udd8a\ufe0f\ud83d\udcd0 <strong>Conception &amp; plans<\/strong><\/p>\n\n\n\n<p class=\"has-text-align-center\">Croquis, plans 2D ou 3D, choix des mat\u00e9riaux et validation avec vous.<\/p>\n<\/div>\n<\/div>\n\n\n\n<div class=\"wp-block-columns alignwide is-layout-flex wp-container-core-columns-is-layout-d0bbbce0 wp-block-columns-is-layout-flex\">\n<div class=\"wp-block-column is-layout-flow wp-container-core-column-is-layout-e3d1c41b wp-block-column-is-layout-flow\">\n<h3 class=\"wp-block-heading has-text-align-center is-style-default has-body-font-family has-medium-font-size\" style=\"border-top-color:var(--wp--preset--color--base);border-top-width:3px;border-right-color:var(--wp--preset--color--base);border-right-width:3px;border-bottom-color:var(--wp--preset--color--base);border-bottom-width:5px;border-left-color:var(--wp--preset--color--base);border-left-width:3px;font-style:normal;font-weight:600\">4. <\/h3>\n\n\n\n<p class=\"has-text-align-center\">\ud83d\udee0\ufe0f <strong>R\u00e9alisation dans notre atelier<\/strong><\/p>\n\n\n\n<p class=\"has-text-align-center\">Am\u00e9nagement sur mesure et installation de chaque module.<\/p>\n<\/div>\n\n\n\n<div class=\"wp-block-column is-layout-flow wp-container-core-column-is-layout-e3d1c41b wp-block-column-is-layout-flow\">\n<h3 class=\"wp-block-heading has-text-align-center is-style-default has-body-font-family has-medium-font-size\" style=\"border-top-color:var(--wp--preset--color--base);border-top-width:3px;border-right-color:var(--wp--preset--color--base);border-right-width:3px;border-bottom-color:var(--wp--preset--color--base);border-bottom-width:5px;border-left-color:var(--wp--preset--color--base);border-left-width:3px;font-style:normal;font-weight:600\">5. <\/h3>\n\n\n\n<p class=\"has-text-align-center\">\ud83d\udee1\ufe0f\u2705 <strong>Tests &amp; s\u00e9curit\u00e9<\/strong><\/p>\n\n\n\n<p class=\"has-text-align-center\">V\u00e9rification \u00e9lectrique, eau, gaz et test sur route.<\/p>\n<\/div>\n\n\n\n<div class=\"wp-block-column is-layout-flow wp-container-core-column-is-layout-e3d1c41b wp-block-column-is-layout-flow\">\n<h3 class=\"wp-block-heading has-text-align-center is-style-default has-body-font-family has-medium-font-size\" style=\"border-top-color:var(--wp--preset--color--base);border-top-width:3px;border-right-color:var(--wp--preset--color--base);border-right-width:3px;border-bottom-color:var(--wp--preset--color--base);border-bottom-width:5px;border-left-color:var(--wp--preset--color--base);border-left-width:3px;font-style:normal;font-weight:600\">6. <\/h3>\n\n\n\n<p class=\"has-text-align-center\">\ud83e\udd1d\ud83d\ude90 <strong>Livraison &amp; accompagnement<\/strong><\/p>\n\n\n\n<p class=\"has-text-align-center\">Nous vous expliquons en d\u00e9tail l\u2019utilisation de chaque \u00e9quipement lors de la livraison.<\/p>\n<\/div>\n<\/div>\n<\/div>\n<\/div>\n\n\n\n<div class=\"wp-block-group alignfull has-base-background-color has-background has-global-padding is-layout-constrained wp-container-core-group-is-layout-669513ed wp-block-group-is-layout-constrained\" style=\"margin-top:0;margin-bottom:0;padding-top:var(--wp--preset--spacing--50);padding-right:var(--wp--preset--spacing--50);padding-bottom:var(--wp--preset--spacing--50);padding-left:var(--wp--preset--spacing--50)\"><div class=\"n2_clear\"><ss3-force-full-width data-overflow-x=\"body\" data-horizontal-selector=\"body\"><div class=\"n2-section-smartslider fitvidsignore  n2_clear\" data-ssid=\"3\"><div id=\"n2-ss-3-align\" class=\"n2-ss-align\"><div class=\"n2-padding\"><div id=\"n2-ss-3\" data-creator=\"Smart Slider 3\" data-responsive=\"fullwidth\" class=\"n2-ss-slider n2-ow n2-has-hover n2notransition  \">\n\n\n\n<div class=\"n2-ss-slider-wrapper-inside\">\n        <div class=\"n2-ss-slider-1 n2_ss__touch_element n2-ow\">\n            <div class=\"n2-ss-slider-2 n2-ow\">\n                                                <div class=\"n2-ss-slider-3 n2-ow\">\n\n                    <div class=\"n2-ss-slide-backgrounds n2-ow-all\"><div class=\"n2-ss-slide-background\" data-public-id=\"1\" data-mode=\"fill\"><div class=\"n2-ss-slide-background-image\" data-blur=\"0\" data-opacity=\"100\" data-x=\"50\" data-y=\"50\" data-alt=\"\" data-title=\"\"><picture class=\"skip-lazy\" data-skip-lazy=\"1\"><img decoding=\"async\" src=\"\/\/www.signatureroute.fr\/wp-content\/uploads\/2026\/04\/8-1.png\" alt=\"\" title=\"\" loading=\"lazy\" class=\"skip-lazy\" data-skip-lazy=\"1\"><\/picture><\/div><div data-color=\"RGBA(255,255,255,0)\" style=\"background-color: RGBA(255,255,255,0);\" class=\"n2-ss-slide-background-color\"><\/div><\/div><div class=\"n2-ss-slide-background\" data-public-id=\"2\" data-mode=\"fill\" aria-hidden=\"true\"><div class=\"n2-ss-slide-background-image\" data-blur=\"0\" data-opacity=\"100\" data-x=\"50\" data-y=\"50\" data-alt=\"\" data-title=\"\"><picture class=\"skip-lazy\" data-skip-lazy=\"1\"><img decoding=\"async\" src=\"\/\/www.signatureroute.fr\/wp-content\/uploads\/2026\/04\/7-1.png\" alt=\"\" title=\"\" loading=\"lazy\" class=\"skip-lazy\" data-skip-lazy=\"1\"><\/picture><\/div><div data-color=\"RGBA(255,255,255,0)\" style=\"background-color: RGBA(255,255,255,0);\" class=\"n2-ss-slide-background-color\"><\/div><\/div><div class=\"n2-ss-slide-background\" data-public-id=\"3\" data-mode=\"fill\" aria-hidden=\"true\"><div class=\"n2-ss-slide-background-image\" data-blur=\"0\" data-opacity=\"100\" data-x=\"50\" data-y=\"50\" data-alt=\"\" data-title=\"\"><picture class=\"skip-lazy\" data-skip-lazy=\"1\"><img decoding=\"async\" src=\"\/\/www.signatureroute.fr\/wp-content\/uploads\/2026\/04\/6-2.png\" alt=\"\" title=\"\" loading=\"lazy\" class=\"skip-lazy\" data-skip-lazy=\"1\"><\/picture><\/div><div data-color=\"RGBA(255,255,255,0)\" style=\"background-color: RGBA(255,255,255,0);\" class=\"n2-ss-slide-background-color\"><\/div><\/div><div class=\"n2-ss-slide-background\" data-public-id=\"4\" data-mode=\"fill\" aria-hidden=\"true\"><div class=\"n2-ss-slide-background-image\" data-blur=\"0\" data-opacity=\"100\" data-x=\"50\" data-y=\"50\" data-alt=\"\" data-title=\"\"><picture class=\"skip-lazy\" data-skip-lazy=\"1\"><img decoding=\"async\" src=\"\/\/www.signatureroute.fr\/wp-content\/uploads\/2026\/04\/4-2.png\" alt=\"\" title=\"\" loading=\"lazy\" class=\"skip-lazy\" data-skip-lazy=\"1\"><\/picture><\/div><div data-color=\"RGBA(255,255,255,0)\" style=\"background-color: RGBA(255,255,255,0);\" class=\"n2-ss-slide-background-color\"><\/div><\/div><div class=\"n2-ss-slide-background\" data-public-id=\"5\" data-mode=\"fill\" aria-hidden=\"true\"><div class=\"n2-ss-slide-background-image\" data-blur=\"0\" data-opacity=\"100\" data-x=\"50\" data-y=\"50\" data-alt=\"\" data-title=\"\"><picture class=\"skip-lazy\" data-skip-lazy=\"1\"><img decoding=\"async\" src=\"\/\/www.signatureroute.fr\/wp-content\/uploads\/2026\/04\/Photos-MARL-200426-1200-x-500-px.png\" alt=\"\" title=\"\" loading=\"lazy\" class=\"skip-lazy\" data-skip-lazy=\"1\"><\/picture><\/div><div data-color=\"RGBA(255,255,255,0)\" style=\"background-color: RGBA(255,255,255,0);\" class=\"n2-ss-slide-background-color\"><\/div><\/div><div class=\"n2-ss-slide-background\" data-public-id=\"6\" data-mode=\"fill\" aria-hidden=\"true\"><div class=\"n2-ss-slide-background-image\" data-blur=\"0\" data-opacity=\"100\" data-x=\"50\" data-y=\"50\" data-alt=\"\" data-title=\"\"><picture class=\"skip-lazy\" data-skip-lazy=\"1\"><img decoding=\"async\" src=\"\/\/www.signatureroute.fr\/wp-content\/uploads\/2026\/04\/3-1.png\" alt=\"\" title=\"\" loading=\"lazy\" class=\"skip-lazy\" data-skip-lazy=\"1\"><\/picture><\/div><div data-color=\"RGBA(255,255,255,0)\" style=\"background-color: RGBA(255,255,255,0);\" class=\"n2-ss-slide-background-color\"><\/div><\/div><div class=\"n2-ss-slide-background\" data-public-id=\"7\" data-mode=\"fill\" aria-hidden=\"true\"><div class=\"n2-ss-slide-background-image\" data-blur=\"0\" data-opacity=\"100\" data-x=\"50\" data-y=\"50\" data-alt=\"\" data-title=\"\"><picture class=\"skip-lazy\" data-skip-lazy=\"1\"><img decoding=\"async\" src=\"\/\/www.signatureroute.fr\/wp-content\/uploads\/2026\/04\/2.png\" alt=\"\" title=\"\" loading=\"lazy\" class=\"skip-lazy\" data-skip-lazy=\"1\"><\/picture><\/div><div data-color=\"RGBA(255,255,255,0)\" style=\"background-color: RGBA(255,255,255,0);\" class=\"n2-ss-slide-background-color\"><\/div><\/div><div class=\"n2-ss-slide-background\" data-public-id=\"8\" data-mode=\"fill\" aria-hidden=\"true\"><div class=\"n2-ss-slide-background-image\" data-blur=\"0\" data-opacity=\"100\" data-x=\"50\" data-y=\"50\" data-alt=\"\" data-title=\"\"><picture class=\"skip-lazy\" data-skip-lazy=\"1\"><img decoding=\"async\" src=\"\/\/www.signatureroute.fr\/wp-content\/uploads\/2026\/04\/1.png\" alt=\"\" title=\"\" loading=\"lazy\" class=\"skip-lazy\" data-skip-lazy=\"1\"><\/picture><\/div><div data-color=\"RGBA(255,255,255,0)\" style=\"background-color: RGBA(255,255,255,0);\" class=\"n2-ss-slide-background-color\"><\/div><\/div><\/div>                    <div class=\"n2-ss-slider-4 n2-ow\">\n                        <svg xmlns=\"http:\/\/www.w3.org\/2000\/svg\" viewBox=\"0 0 1200 500\" data-related-device=\"desktopPortrait\" class=\"n2-ow n2-ss-preserve-size n2-ss-preserve-size--slider n2-ss-slide-limiter\"><\/svg><div data-first=\"1\" data-slide-duration=\"0\" data-id=\"6\" data-slide-public-id=\"1\" data-title=\"8\" class=\"n2-ss-slide n2-ow  n2-ss-slide-6\"><div role=\"note\" class=\"n2-ss-slide--focus\" tabindex=\"-1\">8<\/div><div class=\"n2-ss-layers-container n2-ss-slide-limiter n2-ow\"><div class=\"n2-ss-layer n2-ow n-uc-5ssRURolnLgc\" data-sstype=\"slide\" data-pm=\"default\"><\/div><\/div><\/div><div data-slide-duration=\"0\" data-id=\"7\" data-slide-public-id=\"2\" aria-hidden=\"true\" data-title=\"7\" class=\"n2-ss-slide n2-ow  n2-ss-slide-7\"><div role=\"note\" class=\"n2-ss-slide--focus\" tabindex=\"-1\">7<\/div><div class=\"n2-ss-layers-container n2-ss-slide-limiter n2-ow\"><div class=\"n2-ss-layer n2-ow n-uc-vgOhNvnKMPzt\" data-sstype=\"slide\" data-pm=\"default\"><\/div><\/div><\/div><div data-slide-duration=\"0\" data-id=\"8\" data-slide-public-id=\"3\" aria-hidden=\"true\" data-title=\"6\" class=\"n2-ss-slide n2-ow  n2-ss-slide-8\"><div role=\"note\" class=\"n2-ss-slide--focus\" tabindex=\"-1\">6<\/div><div class=\"n2-ss-layers-container n2-ss-slide-limiter n2-ow\"><div class=\"n2-ss-layer n2-ow n-uc-mvx04ZVz6aEQ\" data-sstype=\"slide\" data-pm=\"default\"><\/div><\/div><\/div><div data-slide-duration=\"0\" data-id=\"10\" data-slide-public-id=\"4\" aria-hidden=\"true\" data-title=\"4\" class=\"n2-ss-slide n2-ow  n2-ss-slide-10\"><div role=\"note\" class=\"n2-ss-slide--focus\" tabindex=\"-1\">4<\/div><div class=\"n2-ss-layers-container n2-ss-slide-limiter n2-ow\"><div class=\"n2-ss-layer n2-ow n-uc-Jk0Y2pzW3KVT\" data-sstype=\"slide\" data-pm=\"default\"><\/div><\/div><\/div><div data-slide-duration=\"0\" data-id=\"14\" data-slide-public-id=\"5\" aria-hidden=\"true\" data-title=\"Photos MARL 200426 (1200 x 500 px)\" class=\"n2-ss-slide n2-ow  n2-ss-slide-14\"><div role=\"note\" class=\"n2-ss-slide--focus\" tabindex=\"-1\">Photos MARL 200426 (1200 x 500 px)<\/div><div class=\"n2-ss-layers-container n2-ss-slide-limiter n2-ow\"><div class=\"n2-ss-layer n2-ow n-uc-W8ObuoyDltJ8\" data-sstype=\"slide\" data-pm=\"default\"><\/div><\/div><\/div><div data-slide-duration=\"0\" data-id=\"11\" data-slide-public-id=\"6\" aria-hidden=\"true\" data-title=\"3\" class=\"n2-ss-slide n2-ow  n2-ss-slide-11\"><div role=\"note\" class=\"n2-ss-slide--focus\" tabindex=\"-1\">3<\/div><div class=\"n2-ss-layers-container n2-ss-slide-limiter n2-ow\"><div class=\"n2-ss-layer n2-ow n-uc-6acFGTU7RpyD\" data-sstype=\"slide\" data-pm=\"default\"><\/div><\/div><\/div><div data-slide-duration=\"0\" data-id=\"12\" data-slide-public-id=\"7\" aria-hidden=\"true\" data-title=\"2\" class=\"n2-ss-slide n2-ow  n2-ss-slide-12\"><div role=\"note\" class=\"n2-ss-slide--focus\" tabindex=\"-1\">2<\/div><div class=\"n2-ss-layers-container n2-ss-slide-limiter n2-ow\"><div class=\"n2-ss-layer n2-ow n-uc-BdO58GBZPfDb\" data-sstype=\"slide\" data-pm=\"default\"><\/div><\/div><\/div><div data-slide-duration=\"0\" data-id=\"13\" data-slide-public-id=\"8\" aria-hidden=\"true\" data-title=\"1\" class=\"n2-ss-slide n2-ow  n2-ss-slide-13\"><div role=\"note\" class=\"n2-ss-slide--focus\" tabindex=\"-1\">1<\/div><div class=\"n2-ss-layers-container n2-ss-slide-limiter n2-ow\"><div class=\"n2-ss-layer n2-ow n-uc-U05quvWNDczS\" data-sstype=\"slide\" data-pm=\"default\"><\/div><\/div><\/div>                    <\/div>\n\n                                    <\/div>\n            <\/div>\n        <\/div>\n        <div class=\"n2-ss-slider-controls n2-ss-slider-controls-absolute-left-center\"><div style=\"--widget-offset:15px;\" class=\"n2-ss-widget n2-style-107cb0e4b96e295f0c4852cfc0854d07-heading nextend-arrow n2-ow-all nextend-arrow-previous  nextend-arrow-animated-fade\" data-hide-mobileportrait=\"1\" id=\"n2-ss-3-arrow-previous\" role=\"button\" aria-label=\"previous arrow\" tabindex=\"0\"><img loading=\"lazy\" decoding=\"async\" width=\"32\" height=\"32\" class=\"skip-lazy\" data-skip-lazy=\"1\" src=\"data:image\/svg+xml;base64,PHN2ZyB4bWxucz0iaHR0cDovL3d3dy53My5vcmcvMjAwMC9zdmciIHdpZHRoPSIzMiIgaGVpZ2h0PSIzMiIgdmlld0JveD0iMCAwIDMyIDMyIj4KICAgIDxwYXRoIGZpbGw9IiNmZmZmZmYiIG9wYWNpdHk9IjEiIGZpbGwtcnVsZT0iZXZlbm9kZCIKICAgICAgICAgIGQ9Ik0xOC45OTU4IDguOTkwN2MwLS40MjQtLjIwNC0uNzIzLS42MS0uODk4LS40MDktLjE3My0uNzcyLS4xMDQtMS4wOTMuMjA5bC03LjAwNiA2Ljk3NWMtLjIwMS4xOTktLjI5Ny40MzctLjI4Ni43MTYgMCAuMjY3LjA5Ni40OTguMjg2LjY4OWw3LjAwNiA3LjAwMWMuMzIxLjMyMS42ODQuMzg5IDEuMDkzLjIwOS40MDYtLjE3NC42MS0uNDgyLjYxLS45MjJWOC45OTA3eiIvPgo8L3N2Zz4=\" alt=\"previous arrow\"><\/div><\/div><div class=\"n2-ss-slider-controls n2-ss-slider-controls-absolute-right-center\"><div style=\"--widget-offset:15px;\" class=\"n2-ss-widget n2-style-107cb0e4b96e295f0c4852cfc0854d07-heading nextend-arrow n2-ow-all nextend-arrow-next  nextend-arrow-animated-fade\" data-hide-mobileportrait=\"1\" id=\"n2-ss-3-arrow-next\" role=\"button\" aria-label=\"next arrow\" tabindex=\"0\"><img loading=\"lazy\" decoding=\"async\" width=\"32\" height=\"32\" class=\"skip-lazy\" data-skip-lazy=\"1\" src=\"data:image\/svg+xml;base64,PHN2ZyB3aWR0aD0iMzIiIGhlaWdodD0iMzIiIHZpZXdCb3g9IjAgMCAzMiAzMiIgeG1sbnM9Imh0dHA6Ly93d3cudzMub3JnLzIwMDAvc3ZnIj4KICAgIDxwYXRoIGQ9Ik0xMiA4Ljk5YzAtLjQyMy4yMDQtLjcyMi42MS0uODk3LjQwOC0uMTczLjc3Mi0uMTA0IDEuMDkyLjIxbDcuMDA2IDYuOTc0Yy4yMDIuMi4yOTguNDM3LjI4Ny43MTYgMCAuMjY3LS4wOTYuNDk4LS4yODcuNjlsLTcuMDA2IDdjLS4zMi4zMi0uNjg0LjM5LTEuMDkyLjIxLS40MDYtLjE3NS0uNjEtLjQ4My0uNjEtLjkyM1Y4Ljk5eiIKICAgICAgICAgIGZpbGw9IiNmZmZmZmYiIG9wYWNpdHk9IjEiIGZpbGwtcnVsZT0iZXZlbm9kZCIvPgo8L3N2Zz4=\" alt=\"next arrow\"><\/div><\/div><\/div><\/div><ss3-loader><\/ss3-loader><\/div><\/div><div class=\"n2_clear\"><\/div><\/div><\/ss3-force-full-width><\/div><\/div>\n","protected":false},"excerpt":{"rendered":"<p>Processus &#8211; Comment d\u00e9marrer Chaque v\u00e9hicule que nous am\u00e9nageons est con\u00e7u avec soin, s\u00e9curit\u00e9 et transparence, pour cr\u00e9er un projet unique qui vous ressemble. 1. \ud83d\udc4b Prise de contact Nous discutons de votre projet, de votre budget et de vos besoins. 2. \ud83d\udcdd \u00c9tude &amp; devis Vous recevez un devis d\u00e9taill\u00e9 et transparent. 3. \ud83d\udd8a\ufe0f\ud83d\udcd0 [&hellip;]<\/p>\n","protected":false},"author":1,"featured_media":27,"parent":0,"menu_order":0,"comment_status":"closed","ping_status":"closed","template":"page-no-title","meta":{"_kadence_starter_templates_imported_post":false,"footnotes":""},"class_list":["post-64","page","type-page","status-publish","has-post-thumbnail","hentry"],"_links":{"self":[{"href":"https:\/\/www.signatureroute.fr\/index.php\/wp-json\/wp\/v2\/pages\/64","targetHints":{"allow":["GET"]}}],"collection":[{"href":"https:\/\/www.signatureroute.fr\/index.php\/wp-json\/wp\/v2\/pages"}],"about":[{"href":"https:\/\/www.signatureroute.fr\/index.php\/wp-json\/wp\/v2\/types\/page"}],"author":[{"embeddable":true,"href":"https:\/\/www.signatureroute.fr\/index.php\/wp-json\/wp\/v2\/users\/1"}],"replies":[{"embeddable":true,"href":"https:\/\/www.signatureroute.fr\/index.php\/wp-json\/wp\/v2\/comments?post=64"}],"version-history":[{"count":18,"href":"https:\/\/www.signatureroute.fr\/index.php\/wp-json\/wp\/v2\/pages\/64\/revisions"}],"predecessor-version":[{"id":319,"href":"https:\/\/www.signatureroute.fr\/index.php\/wp-json\/wp\/v2\/pages\/64\/revisions\/319"}],"wp:featuredmedia":[{"embeddable":true,"href":"https:\/\/www.signatureroute.fr\/index.php\/wp-json\/wp\/v2\/media\/27"}],"wp:attachment":[{"href":"https:\/\/www.signatureroute.fr\/index.php\/wp-json\/wp\/v2\/media?parent=64"}],"curies":[{"name":"wp","href":"https:\/\/api.w.org\/{rel}","templated":true}]}}