{"id":70,"date":"2026-02-17T16:05:19","date_gmt":"2026-02-17T16:05:19","guid":{"rendered":"https:\/\/www.signatureroute.fr\/?page_id=70"},"modified":"2026-04-19T16:22:56","modified_gmt":"2026-04-19T16:22:56","slug":"contact","status":"publish","type":"page","link":"https:\/\/www.signatureroute.fr\/index.php\/contact\/","title":{"rendered":"Contact"},"content":{"rendered":"\n<div class=\"wp-block-group alignfull has-base-background-color has-background is-vertical is-content-justification-center is-layout-flex wp-container-core-group-is-layout-eb0e5e5d wp-block-group-is-layout-flex\" style=\"margin-top:0;margin-bottom:0;padding-top:var(--wp--preset--spacing--50);padding-right:var(--wp--preset--spacing--50);padding-bottom:var(--wp--preset--spacing--50);padding-left:var(--wp--preset--spacing--50)\">\n<figure class=\"wp-block-image aligncenter size-thumbnail\"><img loading=\"lazy\" decoding=\"async\" width=\"150\" height=\"150\" src=\"http:\/\/www.signatureroute.fr\/wp-content\/uploads\/2026\/02\/cropped-black-logo-150x150.png\" alt=\"\" class=\"wp-image-7\" srcset=\"https:\/\/www.signatureroute.fr\/wp-content\/uploads\/2026\/02\/cropped-black-logo-150x150.png 150w, https:\/\/www.signatureroute.fr\/wp-content\/uploads\/2026\/02\/cropped-black-logo-300x300.png 300w, https:\/\/www.signatureroute.fr\/wp-content\/uploads\/2026\/02\/cropped-black-logo-270x270.png 270w, https:\/\/www.signatureroute.fr\/wp-content\/uploads\/2026\/02\/cropped-black-logo-192x192.png 192w, https:\/\/www.signatureroute.fr\/wp-content\/uploads\/2026\/02\/cropped-black-logo-180x180.png 180w, https:\/\/www.signatureroute.fr\/wp-content\/uploads\/2026\/02\/cropped-black-logo-32x32.png 32w, https:\/\/www.signatureroute.fr\/wp-content\/uploads\/2026\/02\/cropped-black-logo.png 512w\" sizes=\"auto, (max-width: 150px) 100vw, 150px\" \/><\/figure>\n\n\n\n<div class=\"wp-block-buttons is-content-justification-center is-layout-flex wp-container-core-buttons-is-layout-a89b3969 wp-block-buttons-is-layout-flex\">\n<div class=\"wp-block-button\"><a class=\"wp-block-button__link wp-element-button\" href=\"contact@signatureroute.fr\">CONTACT<\/a><\/div>\n<\/div>\n<\/div>\n\n\n<div class=\"n2_clear\"><ss3-force-full-width data-overflow-x=\"body\" data-horizontal-selector=\"body\"><div class=\"n2-section-smartslider fitvidsignore  n2_clear\" data-ssid=\"2\"><div id=\"n2-ss-2-align\" class=\"n2-ss-align\"><div class=\"n2-padding\"><div id=\"n2-ss-2\" data-creator=\"Smart Slider 3\" data-responsive=\"fullwidth\" class=\"n2-ss-slider n2-ow n2-has-hover n2notransition  \">\n\n\n\n<div class=\"n2-ss-slider-wrapper-inside\">\n        <div class=\"n2-ss-slider-1 n2_ss__touch_element n2-ow\">\n            <div class=\"n2-ss-slider-2 n2-ow\">\n                                                <div class=\"n2-ss-slider-3 n2-ow\">\n\n                    <div class=\"n2-ss-slide-backgrounds n2-ow-all\"><div class=\"n2-ss-slide-background\" data-public-id=\"1\" data-mode=\"fill\"><div class=\"n2-ss-slide-background-image\" data-blur=\"0\" data-opacity=\"100\" data-x=\"50\" data-y=\"50\" data-alt=\"\" data-title=\"\"><picture class=\"skip-lazy\" data-skip-lazy=\"1\"><img decoding=\"async\" src=\"\/\/www.signatureroute.fr\/wp-content\/uploads\/2026\/04\/3.png\" alt=\"\" title=\"\" loading=\"lazy\" class=\"skip-lazy\" data-skip-lazy=\"1\"><\/picture><\/div><div data-color=\"RGBA(255,255,255,0)\" style=\"background-color: RGBA(255,255,255,0);\" class=\"n2-ss-slide-background-color\"><\/div><\/div><div class=\"n2-ss-slide-background\" data-public-id=\"2\" data-mode=\"fill\" aria-hidden=\"true\"><div class=\"n2-ss-slide-background-image\" data-blur=\"0\" data-opacity=\"100\" data-x=\"50\" data-y=\"50\" data-alt=\"\" data-title=\"\"><picture class=\"skip-lazy\" data-skip-lazy=\"1\"><img decoding=\"async\" src=\"\/\/www.signatureroute.fr\/wp-content\/uploads\/2026\/04\/4-1.png\" alt=\"\" title=\"\" loading=\"lazy\" class=\"skip-lazy\" data-skip-lazy=\"1\"><\/picture><\/div><div data-color=\"RGBA(255,255,255,0)\" style=\"background-color: RGBA(255,255,255,0);\" class=\"n2-ss-slide-background-color\"><\/div><\/div><div class=\"n2-ss-slide-background\" data-public-id=\"3\" data-mode=\"fill\" aria-hidden=\"true\"><div class=\"n2-ss-slide-background-image\" data-blur=\"0\" data-opacity=\"100\" data-x=\"50\" data-y=\"50\" data-alt=\"\" data-title=\"\"><picture class=\"skip-lazy\" data-skip-lazy=\"1\"><img decoding=\"async\" src=\"\/\/www.signatureroute.fr\/wp-content\/uploads\/2026\/04\/5-1.png\" alt=\"\" title=\"\" loading=\"lazy\" class=\"skip-lazy\" data-skip-lazy=\"1\"><\/picture><\/div><div data-color=\"RGBA(255,255,255,0)\" style=\"background-color: RGBA(255,255,255,0);\" class=\"n2-ss-slide-background-color\"><\/div><\/div><\/div>                    <div class=\"n2-ss-slider-4 n2-ow\">\n                        <svg xmlns=\"http:\/\/www.w3.org\/2000\/svg\" viewBox=\"0 0 1200 400\" data-related-device=\"desktopPortrait\" class=\"n2-ow n2-ss-preserve-size n2-ss-preserve-size--slider n2-ss-slide-limiter\"><\/svg><div data-first=\"1\" data-slide-duration=\"0\" data-id=\"3\" data-slide-public-id=\"1\" data-title=\"3\" class=\"n2-ss-slide n2-ow  n2-ss-slide-3\"><div role=\"note\" class=\"n2-ss-slide--focus\" tabindex=\"-1\">3<\/div><div class=\"n2-ss-layers-container n2-ss-slide-limiter n2-ow\"><div class=\"n2-ss-layer n2-ow n-uc-2hJ9AhQnLNIP\" data-sstype=\"slide\" data-pm=\"default\"><\/div><\/div><\/div><div data-slide-duration=\"0\" data-id=\"4\" data-slide-public-id=\"2\" aria-hidden=\"true\" data-title=\"4\" class=\"n2-ss-slide n2-ow  n2-ss-slide-4\"><div role=\"note\" class=\"n2-ss-slide--focus\" tabindex=\"-1\">4<\/div><div class=\"n2-ss-layers-container n2-ss-slide-limiter n2-ow\"><div class=\"n2-ss-layer n2-ow n-uc-qu8Q8FMPxZQn\" data-sstype=\"slide\" data-pm=\"default\"><\/div><\/div><\/div><div data-slide-duration=\"0\" data-id=\"5\" data-slide-public-id=\"3\" aria-hidden=\"true\" data-title=\"5\" class=\"n2-ss-slide n2-ow  n2-ss-slide-5\"><div role=\"note\" class=\"n2-ss-slide--focus\" tabindex=\"-1\">5<\/div><div class=\"n2-ss-layers-container n2-ss-slide-limiter n2-ow\"><div class=\"n2-ss-layer n2-ow n-uc-E1UDRt0ZG8GI\" data-sstype=\"slide\" data-pm=\"default\"><\/div><\/div><\/div>                    <\/div>\n\n                                    <\/div>\n            <\/div>\n        <\/div>\n        <div class=\"n2-ss-slider-controls n2-ss-slider-controls-absolute-left-center\"><div style=\"--widget-offset:20px;\" class=\"n2-ss-widget n2-ss-widget-display-hover n2-style-107cb0e4b96e295f0c4852cfc0854d07-heading nextend-arrow n2-ow-all nextend-arrow-previous  nextend-arrow-animated-fade\" data-hide-desktopportrait=\"1\" data-hide-tabletportrait=\"1\" data-hide-mobileportrait=\"1\" id=\"n2-ss-2-arrow-previous\" role=\"button\" aria-label=\"previous arrow\" tabindex=\"0\"><img loading=\"lazy\" decoding=\"async\" width=\"32\" height=\"32\" class=\"skip-lazy\" data-skip-lazy=\"1\" src=\"data:image\/svg+xml;base64,PHN2ZyB4bWxucz0iaHR0cDovL3d3dy53My5vcmcvMjAwMC9zdmciIHdpZHRoPSIzMiIgaGVpZ2h0PSIzMiIgdmlld0JveD0iMCAwIDMyIDMyIj4KICAgIDxwYXRoIGZpbGw9IiMwMDAwMDAiIGZpbGwtcnVsZT0iZXZlbm9kZCIKICAgICAgICAgIGQ9Ik0yMC42NTQgOS40M2wtNi4zMjYgNi41MjUgNi4zMjYgNi42Yy4yNDIuMjUzLjM2LjU0NS4zNi44OCAwIC4zMzMtLjExOC42MjUtLjM2Ljg3N2wtMS4yNDQgMS4zYy0uMjQuMjUtLjUyMy4zNzUtLjg0LjM3NS0uMzIgMC0uNi0uMTI0LS44NC0uMzc2bC04LjM2Ny04LjcyYy0uMjQtLjI1LS4zNjMtLjU0LS4zNjMtLjg4IDAtLjMzNC4xMjItLjYzLjM2My0uODhsOC4zNjctOC43NWMuMjMtLjI1Mi41MS0uMzc3LjgzLS4zNzcuMzI1IDAgLjYwNy4xMjYuODUuMzc4bDEuMjQyIDEuMzI2Yy4yNDIuMjUyLjM2LjU0LjM2Ljg2NCAwIC4zMi0uMTE4LjYxLS4zNi44NnoiCiAgICAgICAgICBvcGFjaXR5PSIxIi8+Cjwvc3ZnPgo=\" alt=\"previous arrow\"><\/div><\/div><div class=\"n2-ss-slider-controls n2-ss-slider-controls-absolute-right-center\"><div style=\"--widget-offset:20px;\" class=\"n2-ss-widget n2-ss-widget-display-hover n2-style-107cb0e4b96e295f0c4852cfc0854d07-heading nextend-arrow n2-ow-all nextend-arrow-next  nextend-arrow-animated-fade\" data-hide-desktopportrait=\"1\" data-hide-tabletportrait=\"1\" data-hide-mobileportrait=\"1\" id=\"n2-ss-2-arrow-next\" role=\"button\" aria-label=\"next arrow\" tabindex=\"0\"><img loading=\"lazy\" decoding=\"async\" width=\"32\" height=\"32\" class=\"skip-lazy\" data-skip-lazy=\"1\" src=\"data:image\/svg+xml;base64,PHN2ZyB3aWR0aD0iMzIiIGhlaWdodD0iMzIiIHZpZXdCb3g9IjAgMCAzMiAzMiIgeG1sbnM9Imh0dHA6Ly93d3cudzMub3JnLzIwMDAvc3ZnIj4KICAgIDxwYXRoIGQ9Ik0xMy4yODYgMjUuNjFjLS4yNC4yNTMtLjUyLjM3Ny0uODQuMzc3LS4zMTggMC0uNi0uMTI0LS44NC0uMzc2bC0xLjI0NS0xLjI5N2MtLjI0LS4yNTItLjM2LS41NDQtLjM2LS44NzggMC0uMzM0LjEyLS42MjYuMzYtLjg3OGw2LjMyOC02LjZMMTAuMzYgOS40M2MtLjI0LS4yNS0uMzYtLjU0LS4zNi0uODY0IDAtLjMyMy4xMi0uNjEyLjM2LS44NjRsMS4yNDUtMS4zMjVjLjI0LS4yNTIuNTIzLS4zNzcuODQ4LS4zNzcuMzIzIDAgLjYwMi4xMjUuODMzLjM3N2w4LjM2NiA4Ljc0NmMuMjQuMjUuMzYzLjU0Ni4zNjMuODgyIDAgLjM0LS4xMjIuNjM0LS4zNjMuODg2bC04LjM2NiA4LjcyeiIKICAgICAgICAgIGZpbGw9IiMwMDAwMDAiIG9wYWNpdHk9IjEiIGZpbGwtcnVsZT0iZXZlbm9kZCIvPgo8L3N2Zz4=\" alt=\"next arrow\"><\/div><\/div><\/div><\/div><ss3-loader><\/ss3-loader><\/div><\/div><div class=\"n2_clear\"><\/div><\/div><\/ss3-force-full-width><\/div>\n\n\n<h2 class=\"wp-block-heading has-text-align-center\">Contactez-nous pour \u00e9changer sur votre nouveau projet<\/h2>\n\n\n\n<p class=\"has-text-align-center\"><em>La libert\u00e9 con\u00e7ue \u00e0 votre image est notre priorit\u00e9<\/em><\/p>\n","protected":false},"excerpt":{"rendered":"<p>Contactez-nous pour \u00e9changer sur votre nouveau projet La libert\u00e9 con\u00e7ue \u00e0 votre image est notre priorit\u00e9<\/p>\n","protected":false},"author":1,"featured_media":0,"parent":0,"menu_order":0,"comment_status":"closed","ping_status":"closed","template":"page-no-title","meta":{"_kadence_starter_templates_imported_post":false,"footnotes":""},"class_list":["post-70","page","type-page","status-publish","hentry"],"_links":{"self":[{"href":"https:\/\/www.signatureroute.fr\/index.php\/wp-json\/wp\/v2\/pages\/70","targetHints":{"allow":["GET"]}}],"collection":[{"href":"https:\/\/www.signatureroute.fr\/index.php\/wp-json\/wp\/v2\/pages"}],"about":[{"href":"https:\/\/www.signatureroute.fr\/index.php\/wp-json\/wp\/v2\/types\/page"}],"author":[{"embeddable":true,"href":"https:\/\/www.signatureroute.fr\/index.php\/wp-json\/wp\/v2\/users\/1"}],"replies":[{"embeddable":true,"href":"https:\/\/www.signatureroute.fr\/index.php\/wp-json\/wp\/v2\/comments?post=70"}],"version-history":[{"count":15,"href":"https:\/\/www.signatureroute.fr\/index.php\/wp-json\/wp\/v2\/pages\/70\/revisions"}],"predecessor-version":[{"id":286,"href":"https:\/\/www.signatureroute.fr\/index.php\/wp-json\/wp\/v2\/pages\/70\/revisions\/286"}],"wp:attachment":[{"href":"https:\/\/www.signatureroute.fr\/index.php\/wp-json\/wp\/v2\/media?parent=70"}],"curies":[{"name":"wp","href":"https:\/\/api.w.org\/{rel}","templated":true}]}}